{"id":1385,"date":"2020-05-28T10:22:33","date_gmt":"2020-05-28T08:22:33","guid":{"rendered":"https:\/\/www.gs-am-pappelsee.de\/?page_id=1385"},"modified":"2025-07-08T09:01:46","modified_gmt":"2025-07-08T07:01:46","slug":"einschulung-2020","status":"publish","type":"page","link":"https:\/\/www.gs-am-pappelsee.de\/?page_id=1385","title":{"rendered":"Einschulung"},"content":{"rendered":"\t\t<div data-elementor-type=\"wp-page\" data-elementor-id=\"1385\" class=\"elementor elementor-1385\">\n\t\t\t\t\t\t<section class=\"elementor-section elementor-top-section elementor-element elementor-element-a7fd659 elementor-section-boxed elementor-section-height-default elementor-section-height-default\" data-id=\"a7fd659\" data-element_type=\"section\" data-e-type=\"section\">\n\t\t\t\t\t\t<div class=\"elementor-container elementor-column-gap-default\">\n\t\t\t\t\t<div class=\"elementor-column elementor-col-100 elementor-top-column elementor-element elementor-element-16b9683\" data-id=\"16b9683\" data-element_type=\"column\" data-e-type=\"column\">\n\t\t\t<div class=\"elementor-widget-wrap elementor-element-populated\">\n\t\t\t\t\t\t<div class=\"elementor-element elementor-element-a197c2a elementor-widget elementor-widget-text-editor\" data-id=\"a197c2a\" data-element_type=\"widget\" data-e-type=\"widget\" data-widget_type=\"text-editor.default\">\n\t\t\t\t<div class=\"elementor-widget-container\">\n\t\t\t\t\t\t\t\t\t<p><strong>Elterninfos:<\/strong><\/p><ul><li><a href=\"https:\/\/www.gs-am-pappelsee.de\/wp-content\/uploads\/2025\/07\/Elterninfo_Einschulung_HS_2025.pdf\" target=\"_blank\" rel=\"noopener\">Informationen f\u00fcr die Einschulung 2025 am Hauptstandort<\/a><\/li><li><a href=\"https:\/\/www.gs-am-pappelsee.de\/wp-content\/uploads\/2025\/07\/Elterninfo_Einschulung_TS_2025.pdf\" target=\"_blank\" rel=\"noopener\">Informationen f\u00fcr die Einschulung 2025 am Teilstandort<\/a><\/li><li><a href=\"https:\/\/www.kamp-lintfort.de\/de\/inhalt\/schulen-in-kamp-lintfort\/\" target=\"_blank\" rel=\"noopener\">Informationen des Schultr\u00e4gers zur Einschulung<\/a><\/li><\/ul><p>F\u00fcr weitere Informationen, nutzen Sie bitte die \u00fcber \u201cschoolfox\u201d Ihnen zugesandte Taskcard. Hier finden Sie Antworten auf Fragen rund um die Einschulung und den Start an der GS am Pappelsee.<\/p><p><strong>Eltern ABC:<\/strong><\/p><ul><li><a href=\"https:\/\/www.gs-am-pappelsee.de\/wp-content\/uploads\/2020\/05\/ABC_Schulanfang_HS.pdf\" target=\"_blank\" rel=\"noopener\">ABC Hauptstandort<\/a><\/li><li><a href=\"https:\/\/www.gs-am-pappelsee.de\/wp-content\/uploads\/2020\/05\/ABC_Schulanfang_TS.pdf\" target=\"_blank\" rel=\"noopener\">ABC Teilstandort<\/a><\/li><\/ul><p><strong>Materiallisten:<\/strong><\/p><ul><li><a href=\"https:\/\/www.gs-am-pappelsee.de\/wp-content\/uploads\/2020\/05\/Materialliste_JG_1_HS.pdf\" target=\"_blank\" rel=\"noopener\">Materialliste Hauptstandort JG 1<\/a><\/li><li><a href=\"https:\/\/www.gs-am-pappelsee.de\/wp-content\/uploads\/2020\/05\/Materialliste_JG_1_TS.pdf\" target=\"_blank\" rel=\"noopener\">Materialliste Teilstandort JG 1<\/a><\/li><\/ul><p><strong>Elternnachricht.de:<\/strong><\/p><ul><li><a href=\"https:\/\/www.gs-am-pappelsee.de\/wp-content\/uploads\/2020\/05\/Elternnachricht_Einversta\u0308ndniserkla\u0308rung.pdf\" target=\"_blank\" rel=\"noopener\">Einverst\u00e4ndniserkl\u00e4rung<\/a><\/li><\/ul>\t\t\t\t\t\t\t\t<\/div>\n\t\t\t\t<\/div>\n\t\t\t\t\t<\/div>\n\t\t<\/div>\n\t\t\t\t\t<\/div>\n\t\t<\/section>\n\t\t\t\t<\/div>\n\t\t","protected":false},"excerpt":{"rendered":"<p>Elterninfos: Informationen f\u00fcr die Einschulung 2025 am Hauptstandort Informationen f\u00fcr die Einschulung 2025 am Teilstandort Informationen des Schultr\u00e4gers zur Einschulung F\u00fcr weitere Informationen, nutzen Sie bitte die \u00fcber \u201cschoolfox\u201d Ihnen zugesandte Taskcard. Hier finden Sie Antworten auf Fragen rund um die Einschulung und den Start an der GS am Pappelsee. Eltern ABC: ABC Hauptstandort ABC<\/p><\/div>\n<div class=\"blog-btn\"><a href=\"https:\/\/www.gs-am-pappelsee.de\/?page_id=1385\" class=\"home-blog-btn\">Weiterlesen<\/a><\/p>\n","protected":false},"author":1,"featured_media":0,"parent":0,"menu_order":0,"comment_status":"closed","ping_status":"closed","template":"template\/template-page-full-width.php","meta":{"footnotes":""},"class_list":["post-1385","page","type-page","status-publish","hentry"],"_links":{"self":[{"href":"https:\/\/www.gs-am-pappelsee.de\/index.php?rest_route=\/wp\/v2\/pages\/1385","targetHints":{"allow":["GET"]}}],"collection":[{"href":"https:\/\/www.gs-am-pappelsee.de\/index.php?rest_route=\/wp\/v2\/pages"}],"about":[{"href":"https:\/\/www.gs-am-pappelsee.de\/index.php?rest_route=\/wp\/v2\/types\/page"}],"author":[{"embeddable":true,"href":"https:\/\/www.gs-am-pappelsee.de\/index.php?rest_route=\/wp\/v2\/users\/1"}],"replies":[{"embeddable":true,"href":"https:\/\/www.gs-am-pappelsee.de\/index.php?rest_route=%2Fwp%2Fv2%2Fcomments&post=1385"}],"version-history":[{"count":16,"href":"https:\/\/www.gs-am-pappelsee.de\/index.php?rest_route=\/wp\/v2\/pages\/1385\/revisions"}],"predecessor-version":[{"id":2537,"href":"https:\/\/www.gs-am-pappelsee.de\/index.php?rest_route=\/wp\/v2\/pages\/1385\/revisions\/2537"}],"wp:attachment":[{"href":"https:\/\/www.gs-am-pappelsee.de\/index.php?rest_route=%2Fwp%2Fv2%2Fmedia&parent=1385"}],"curies":[{"name":"wp","href":"https:\/\/api.w.org\/{rel}","templated":true}]}}