{"id":2127,"date":"2023-11-26T11:56:42","date_gmt":"2023-11-26T10:56:42","guid":{"rendered":"https:\/\/www.gs-am-pappelsee.de\/?page_id=2127"},"modified":"2023-11-26T12:02:59","modified_gmt":"2023-11-26T11:02:59","slug":"formulare","status":"publish","type":"page","link":"https:\/\/www.gs-am-pappelsee.de\/?page_id=2127","title":{"rendered":"Formulare"},"content":{"rendered":"\t\t<div data-elementor-type=\"wp-page\" data-elementor-id=\"2127\" class=\"elementor elementor-2127\">\n\t\t\t\t\t\t<section class=\"elementor-section elementor-top-section elementor-element elementor-element-a7fd659 elementor-section-boxed elementor-section-height-default elementor-section-height-default\" data-id=\"a7fd659\" data-element_type=\"section\" data-e-type=\"section\">\n\t\t\t\t\t\t<div class=\"elementor-container elementor-column-gap-default\">\n\t\t\t\t\t<div class=\"elementor-column elementor-col-100 elementor-top-column elementor-element elementor-element-16b9683\" data-id=\"16b9683\" data-element_type=\"column\" data-e-type=\"column\">\n\t\t\t<div class=\"elementor-widget-wrap elementor-element-populated\">\n\t\t\t\t\t\t<div class=\"elementor-element elementor-element-a197c2a elementor-widget elementor-widget-text-editor\" data-id=\"a197c2a\" data-element_type=\"widget\" data-e-type=\"widget\" data-widget_type=\"text-editor.default\">\n\t\t\t\t<div class=\"elementor-widget-container\">\n\t\t\t\t\t\t\t\t\t<p><strong>Formulare zum Download:<\/strong><\/p><ul><li><a href=\"https:\/\/www.gs-am-pappelsee.de\/wp-content\/uploads\/2023\/11\/Beurlaubung_SuS_Formular.pdf\" target=\"_blank\" rel=\"noopener\">Antrag auf Beurlaubung von Sch\u00fclern<\/a><\/li><li><a href=\"https:\/\/www.gs-am-pappelsee.de\/wp-content\/uploads\/2023\/11\/Schulbescheinigung_Formular.pdf\" target=\"_blank\" rel=\"noopener\">Antrag auf Schulbescheinigung f\u00fcr Sch\u00fcler<\/a><\/li><\/ul>\t\t\t\t\t\t\t\t<\/div>\n\t\t\t\t<\/div>\n\t\t\t\t\t<\/div>\n\t\t<\/div>\n\t\t\t\t\t<\/div>\n\t\t<\/section>\n\t\t\t\t<\/div>\n\t\t","protected":false},"excerpt":{"rendered":"<p>Formulare zum Download: Antrag auf Beurlaubung von Sch\u00fclern Antrag auf Schulbescheinigung f\u00fcr Sch\u00fcler<\/p>\n","protected":false},"author":1,"featured_media":0,"parent":0,"menu_order":0,"comment_status":"closed","ping_status":"closed","template":"template\/template-page-full-width.php","meta":{"footnotes":""},"class_list":["post-2127","page","type-page","status-publish","hentry"],"_links":{"self":[{"href":"https:\/\/www.gs-am-pappelsee.de\/index.php?rest_route=\/wp\/v2\/pages\/2127","targetHints":{"allow":["GET"]}}],"collection":[{"href":"https:\/\/www.gs-am-pappelsee.de\/index.php?rest_route=\/wp\/v2\/pages"}],"about":[{"href":"https:\/\/www.gs-am-pappelsee.de\/index.php?rest_route=\/wp\/v2\/types\/page"}],"author":[{"embeddable":true,"href":"https:\/\/www.gs-am-pappelsee.de\/index.php?rest_route=\/wp\/v2\/users\/1"}],"replies":[{"embeddable":true,"href":"https:\/\/www.gs-am-pappelsee.de\/index.php?rest_route=%2Fwp%2Fv2%2Fcomments&post=2127"}],"version-history":[{"count":10,"href":"https:\/\/www.gs-am-pappelsee.de\/index.php?rest_route=\/wp\/v2\/pages\/2127\/revisions"}],"predecessor-version":[{"id":2140,"href":"https:\/\/www.gs-am-pappelsee.de\/index.php?rest_route=\/wp\/v2\/pages\/2127\/revisions\/2140"}],"wp:attachment":[{"href":"https:\/\/www.gs-am-pappelsee.de\/index.php?rest_route=%2Fwp%2Fv2%2Fmedia&parent=2127"}],"curies":[{"name":"wp","href":"https:\/\/api.w.org\/{rel}","templated":true}]}}