{"id":2187,"date":"2024-11-07T19:19:27","date_gmt":"2024-11-07T18:19:27","guid":{"rendered":"https:\/\/www.gs-am-pappelsee.de\/?page_id=2187"},"modified":"2024-11-22T10:59:21","modified_gmt":"2024-11-22T09:59:21","slug":"kinderrechte-film","status":"publish","type":"page","link":"https:\/\/www.gs-am-pappelsee.de\/?page_id=2187","title":{"rendered":"Kinderrechte-Film"},"content":{"rendered":"\t\t<div data-elementor-type=\"wp-post\" data-elementor-id=\"2187\" class=\"elementor elementor-2187\">\n\t\t\t\t\t\t<section class=\"elementor-section elementor-top-section elementor-element elementor-element-1a1ee9f2 elementor-section-boxed elementor-section-height-default elementor-section-height-default\" data-id=\"1a1ee9f2\" data-element_type=\"section\" data-e-type=\"section\">\n\t\t\t\t\t\t<div class=\"elementor-container elementor-column-gap-default\">\n\t\t\t\t\t<div class=\"elementor-column elementor-col-100 elementor-top-column elementor-element elementor-element-55500bc2\" data-id=\"55500bc2\" data-element_type=\"column\" data-e-type=\"column\">\n\t\t\t<div class=\"elementor-widget-wrap elementor-element-populated\">\n\t\t\t\t\t\t<div class=\"elementor-element elementor-element-ca8c718 elementor-widget elementor-widget-text-editor\" data-id=\"ca8c718\" data-element_type=\"widget\" data-e-type=\"widget\" data-widget_type=\"text-editor.default\">\n\t\t\t\t<div class=\"elementor-widget-container\">\n\t\t\t\t\t\t\t\t\t<p style=\"text-align: center;\">Im Fr\u00fchjahr 2024 haben Sch\u00fclerinnen und Sch\u00fcler einen eigenen Kinderrechte-Film gedreht.<\/p><p style=\"text-align: center;\">In diesem zeigen sie euch, was uns als Kinderrechte-Schule auszeichnet.<\/p>\t\t\t\t\t\t\t\t<\/div>\n\t\t\t\t<\/div>\n\t\t\t\t\t<\/div>\n\t\t<\/div>\n\t\t\t\t\t<\/div>\n\t\t<\/section>\n\t\t\t\t<section class=\"elementor-section elementor-top-section elementor-element elementor-element-c260752 elementor-section-boxed elementor-section-height-default elementor-section-height-default\" data-id=\"c260752\" data-element_type=\"section\" data-e-type=\"section\">\n\t\t\t\t\t\t<div class=\"elementor-container elementor-column-gap-default\">\n\t\t\t\t\t<div class=\"elementor-column elementor-col-100 elementor-top-column elementor-element elementor-element-6a42c41\" data-id=\"6a42c41\" data-element_type=\"column\" data-e-type=\"column\">\n\t\t\t<div class=\"elementor-widget-wrap elementor-element-populated\">\n\t\t\t\t\t\t<div class=\"elementor-element elementor-element-2c90597 elementor-widget elementor-widget-video\" data-id=\"2c90597\" data-element_type=\"widget\" data-e-type=\"widget\" data-settings=\"{&quot;video_type&quot;:&quot;hosted&quot;,&quot;controls&quot;:&quot;yes&quot;}\" data-widget_type=\"video.default\">\n\t\t\t\t<div class=\"elementor-widget-container\">\n\t\t\t\t\t\t\t<div class=\"e-hosted-video elementor-wrapper elementor-open-inline\">\n\t\t\t\t\t<video class=\"elementor-video\" src=\"https:\/\/my.hidrive.com\/api\/sharelink\/download?id=Jm3rjH08v\" controls=\"\" preload=\"metadata\" controlsList=\"nodownload\" poster=\"https:\/\/www.gs-am-pappelsee.de\/wp-content\/uploads\/2024\/11\/Film.png\"><\/video>\n\t\t\t\t<\/div>\n\t\t\t\t\t\t<\/div>\n\t\t\t\t<\/div>\n\t\t\t\t\t<\/div>\n\t\t<\/div>\n\t\t\t\t\t<\/div>\n\t\t<\/section>\n\t\t\t\t<\/div>\n\t\t","protected":false},"excerpt":{"rendered":"<p>Im Fr\u00fchjahr 2024 haben Sch\u00fclerinnen und Sch\u00fcler einen eigenen Kinderrechte-Film gedreht. In diesem zeigen sie euch, was uns als Kinderrechte-Schule auszeichnet. https:\/\/my.hidrive.com\/api\/sharelink\/download?id=Jm3rjH08v<\/p>\n","protected":false},"author":1,"featured_media":0,"parent":2178,"menu_order":2,"comment_status":"closed","ping_status":"closed","template":"template\/template-page-full-width.php","meta":{"footnotes":""},"class_list":["post-2187","page","type-page","status-publish","hentry"],"_links":{"self":[{"href":"https:\/\/www.gs-am-pappelsee.de\/index.php?rest_route=\/wp\/v2\/pages\/2187","targetHints":{"allow":["GET"]}}],"collection":[{"href":"https:\/\/www.gs-am-pappelsee.de\/index.php?rest_route=\/wp\/v2\/pages"}],"about":[{"href":"https:\/\/www.gs-am-pappelsee.de\/index.php?rest_route=\/wp\/v2\/types\/page"}],"author":[{"embeddable":true,"href":"https:\/\/www.gs-am-pappelsee.de\/index.php?rest_route=\/wp\/v2\/users\/1"}],"replies":[{"embeddable":true,"href":"https:\/\/www.gs-am-pappelsee.de\/index.php?rest_route=%2Fwp%2Fv2%2Fcomments&post=2187"}],"version-history":[{"count":19,"href":"https:\/\/www.gs-am-pappelsee.de\/index.php?rest_route=\/wp\/v2\/pages\/2187\/revisions"}],"predecessor-version":[{"id":2456,"href":"https:\/\/www.gs-am-pappelsee.de\/index.php?rest_route=\/wp\/v2\/pages\/2187\/revisions\/2456"}],"up":[{"embeddable":true,"href":"https:\/\/www.gs-am-pappelsee.de\/index.php?rest_route=\/wp\/v2\/pages\/2178"}],"wp:attachment":[{"href":"https:\/\/www.gs-am-pappelsee.de\/index.php?rest_route=%2Fwp%2Fv2%2Fmedia&parent=2187"}],"curies":[{"name":"wp","href":"https:\/\/api.w.org\/{rel}","templated":true}]}}