{"id":2528,"date":"2025-07-08T08:59:00","date_gmt":"2025-07-08T06:59:00","guid":{"rendered":"https:\/\/www.gs-am-pappelsee.de\/?page_id=2528"},"modified":"2025-07-08T09:00:55","modified_gmt":"2025-07-08T07:00:55","slug":"tag-d-o-tuer","status":"publish","type":"page","link":"https:\/\/www.gs-am-pappelsee.de\/?page_id=2528","title":{"rendered":"Tag der offenen T\u00fcr"},"content":{"rendered":"\t\t<div data-elementor-type=\"wp-page\" data-elementor-id=\"2528\" class=\"elementor elementor-2528\">\n\t\t\t\t\t\t<section class=\"elementor-section elementor-top-section elementor-element elementor-element-a7fd659 elementor-section-boxed elementor-section-height-default elementor-section-height-default\" data-id=\"a7fd659\" data-element_type=\"section\" data-e-type=\"section\">\n\t\t\t\t\t\t<div class=\"elementor-container elementor-column-gap-default\">\n\t\t\t\t\t<div class=\"elementor-column elementor-col-100 elementor-top-column elementor-element elementor-element-16b9683\" data-id=\"16b9683\" data-element_type=\"column\" data-e-type=\"column\">\n\t\t\t<div class=\"elementor-widget-wrap elementor-element-populated\">\n\t\t\t\t\t\t<div class=\"elementor-element elementor-element-a197c2a elementor-widget elementor-widget-text-editor\" data-id=\"a197c2a\" data-element_type=\"widget\" data-e-type=\"widget\" data-widget_type=\"text-editor.default\">\n\t\t\t\t<div class=\"elementor-widget-container\">\n\t\t\t\t\t\t\t\t\t<p>Am Samstag, 20.09.2025, findet der diesj\u00e4hrige Tag der offenen T\u00fcr statt. Von 09.00 Uhr bis 11.30 Uhr haben Sie die M\u00f6glichkeit, sich von unseren Sch\u00fclerinnen und Sch\u00fclern die Schule vorstellen zu lassen und den Unterricht anzusehen.<\/p><p>Um 12.00Uhr findet am Hauptstandort eine Informationsveranstaltung f\u00fcr Interessierte statt, zu der wir gerne einladen.<\/p>\t\t\t\t\t\t\t\t<\/div>\n\t\t\t\t<\/div>\n\t\t\t\t\t<\/div>\n\t\t<\/div>\n\t\t\t\t\t<\/div>\n\t\t<\/section>\n\t\t\t\t<\/div>\n\t\t","protected":false},"excerpt":{"rendered":"<p>Am Samstag, 20.09.2025, findet der diesj\u00e4hrige Tag der offenen T\u00fcr statt. Von 09.00 Uhr bis 11.30 Uhr haben Sie die M\u00f6glichkeit, sich von unseren Sch\u00fclerinnen und Sch\u00fclern die Schule vorstellen zu lassen und den Unterricht anzusehen. Um 12.00Uhr findet am Hauptstandort eine Informationsveranstaltung f\u00fcr Interessierte statt, zu der wir gerne einladen.<\/p>\n","protected":false},"author":1,"featured_media":0,"parent":0,"menu_order":0,"comment_status":"closed","ping_status":"closed","template":"template\/template-page-full-width.php","meta":{"footnotes":""},"class_list":["post-2528","page","type-page","status-publish","hentry"],"_links":{"self":[{"href":"https:\/\/www.gs-am-pappelsee.de\/index.php?rest_route=\/wp\/v2\/pages\/2528","targetHints":{"allow":["GET"]}}],"collection":[{"href":"https:\/\/www.gs-am-pappelsee.de\/index.php?rest_route=\/wp\/v2\/pages"}],"about":[{"href":"https:\/\/www.gs-am-pappelsee.de\/index.php?rest_route=\/wp\/v2\/types\/page"}],"author":[{"embeddable":true,"href":"https:\/\/www.gs-am-pappelsee.de\/index.php?rest_route=\/wp\/v2\/users\/1"}],"replies":[{"embeddable":true,"href":"https:\/\/www.gs-am-pappelsee.de\/index.php?rest_route=%2Fwp%2Fv2%2Fcomments&post=2528"}],"version-history":[{"count":5,"href":"https:\/\/www.gs-am-pappelsee.de\/index.php?rest_route=\/wp\/v2\/pages\/2528\/revisions"}],"predecessor-version":[{"id":2534,"href":"https:\/\/www.gs-am-pappelsee.de\/index.php?rest_route=\/wp\/v2\/pages\/2528\/revisions\/2534"}],"wp:attachment":[{"href":"https:\/\/www.gs-am-pappelsee.de\/index.php?rest_route=%2Fwp%2Fv2%2Fmedia&parent=2528"}],"curies":[{"name":"wp","href":"https:\/\/api.w.org\/{rel}","templated":true}]}}